{"id":2126,"date":"2025-11-19T09:59:00","date_gmt":"2025-11-19T07:59:00","guid":{"rendered":"https:\/\/casino-play-win.top\/?page_id=2126"},"modified":"2025-11-19T09:59:51","modified_gmt":"2025-11-19T07:59:51","slug":"anmeldung","status":"publish","type":"page","link":"https:\/\/casino-play-win.top\/anmeldung\/","title":{"rendered":"Anmeldung"},"content":{"rendered":"","protected":false},"excerpt":{"rendered":"","protected":false},"author":1,"featured_media":0,"parent":0,"menu_order":0,"comment_status":"closed","ping_status":"closed","template":"home-new.php","meta":{"_acf_changed":false,"footnotes":""},"class_list":["post-2126","page","type-page","status-publish","hentry"],"acf":[],"yoast_head":"<!-- This site is optimized with the Yoast SEO plugin v27.4 - https:\/\/yoast.com\/product\/yoast-seo-wordpress\/ -->\n<title>King Billy Casino Konto erstellen leicht f\u00fcr deutsche Spieler erkl\u00e4rt<\/title>\n<meta name=\"description\" content=\"Erfahren Sie, wie Sie im King Billy Casino Deutschland ein Konto registrieren. Schritt-f\u00fcr-Schritt-Anleitung, Anforderungen, Verifizierung und hilfreiche Tipps f\u00fcr eine sichere und schnelle Registrierung\" \/>\n<meta name=\"robots\" content=\"index, follow, max-snippet:-1, max-image-preview:large, max-video-preview:-1\" \/>\n<link rel=\"canonical\" href=\"https:\/\/casino-play-win.top\/anmeldung\/\" \/>\n<meta property=\"og:locale\" content=\"ru_RU\" \/>\n<meta property=\"og:type\" content=\"article\" \/>\n<meta property=\"og:title\" content=\"King Billy Casino Konto erstellen leicht f\u00fcr deutsche Spieler erkl\u00e4rt\" \/>\n<meta property=\"og:description\" content=\"Erfahren Sie, wie Sie im King Billy Casino Deutschland ein Konto registrieren. Schritt-f\u00fcr-Schritt-Anleitung, Anforderungen, Verifizierung und hilfreiche Tipps f\u00fcr eine sichere und schnelle Registrierung\" \/>\n<meta property=\"og:url\" content=\"https:\/\/casino-play-win.top\/anmeldung\/\" \/>\n<meta property=\"og:site_name\" content=\"casino-play-win.top\" \/>\n<meta property=\"article:modified_time\" content=\"2025-11-19T07:59:51+00:00\" \/>\n<meta name=\"twitter:card\" content=\"summary_large_image\" \/>\n<script type=\"application\/ld+json\" class=\"yoast-schema-graph\">{\"@context\":\"https:\\\/\\\/schema.org\",\"@graph\":[{\"@type\":\"WebPage\",\"@id\":\"https:\\\/\\\/casino-play-win.top\\\/anmeldung\\\/\",\"url\":\"https:\\\/\\\/casino-play-win.top\\\/anmeldung\\\/\",\"name\":\"King Billy Casino Konto erstellen leicht f\u00fcr deutsche Spieler erkl\u00e4rt\",\"isPartOf\":{\"@id\":\"https:\\\/\\\/casino-play-win.top\\\/#website\"},\"datePublished\":\"2025-11-19T07:59:00+00:00\",\"dateModified\":\"2025-11-19T07:59:51+00:00\",\"description\":\"Erfahren Sie, wie Sie im King Billy Casino Deutschland ein Konto registrieren. Schritt-f\u00fcr-Schritt-Anleitung, Anforderungen, Verifizierung und hilfreiche Tipps f\u00fcr eine sichere und schnelle Registrierung\",\"breadcrumb\":{\"@id\":\"https:\\\/\\\/casino-play-win.top\\\/anmeldung\\\/#breadcrumb\"},\"inLanguage\":\"ru-RU\",\"potentialAction\":[{\"@type\":\"ReadAction\",\"target\":[\"https:\\\/\\\/casino-play-win.top\\\/anmeldung\\\/\"]}]},{\"@type\":\"BreadcrumbList\",\"@id\":\"https:\\\/\\\/casino-play-win.top\\\/anmeldung\\\/#breadcrumb\",\"itemListElement\":[{\"@type\":\"ListItem\",\"position\":1,\"name\":\"\u0413\u043b\u0430\u0432\u043d\u0430\u044f \u0441\u0442\u0440\u0430\u043d\u0438\u0446\u0430\",\"item\":\"https:\\\/\\\/casino-play-win.top\\\/\"},{\"@type\":\"ListItem\",\"position\":2,\"name\":\"Anmeldung\"}]},{\"@type\":\"WebSite\",\"@id\":\"https:\\\/\\\/casino-play-win.top\\\/#website\",\"url\":\"https:\\\/\\\/casino-play-win.top\\\/\",\"name\":\"casino-play-win.top\",\"description\":\"\",\"potentialAction\":[{\"@type\":\"SearchAction\",\"target\":{\"@type\":\"EntryPoint\",\"urlTemplate\":\"https:\\\/\\\/casino-play-win.top\\\/?s={search_term_string}\"},\"query-input\":{\"@type\":\"PropertyValueSpecification\",\"valueRequired\":true,\"valueName\":\"search_term_string\"}}],\"inLanguage\":\"ru-RU\"}]}<\/script>\n<!-- \/ Yoast SEO plugin. -->","yoast_head_json":{"title":"King Billy Casino Konto erstellen leicht f\u00fcr deutsche Spieler erkl\u00e4rt","description":"Erfahren Sie, wie Sie im King Billy Casino Deutschland ein Konto registrieren. Schritt-f\u00fcr-Schritt-Anleitung, Anforderungen, Verifizierung und hilfreiche Tipps f\u00fcr eine sichere und schnelle Registrierung","robots":{"index":"index","follow":"follow","max-snippet":"max-snippet:-1","max-image-preview":"max-image-preview:large","max-video-preview":"max-video-preview:-1"},"canonical":"https:\/\/casino-play-win.top\/anmeldung\/","og_locale":"ru_RU","og_type":"article","og_title":"King Billy Casino Konto erstellen leicht f\u00fcr deutsche Spieler erkl\u00e4rt","og_description":"Erfahren Sie, wie Sie im King Billy Casino Deutschland ein Konto registrieren. Schritt-f\u00fcr-Schritt-Anleitung, Anforderungen, Verifizierung und hilfreiche Tipps f\u00fcr eine sichere und schnelle Registrierung","og_url":"https:\/\/casino-play-win.top\/anmeldung\/","og_site_name":"casino-play-win.top","article_modified_time":"2025-11-19T07:59:51+00:00","twitter_card":"summary_large_image","schema":{"@context":"https:\/\/schema.org","@graph":[{"@type":"WebPage","@id":"https:\/\/casino-play-win.top\/anmeldung\/","url":"https:\/\/casino-play-win.top\/anmeldung\/","name":"King Billy Casino Konto erstellen leicht f\u00fcr deutsche Spieler erkl\u00e4rt","isPartOf":{"@id":"https:\/\/casino-play-win.top\/#website"},"datePublished":"2025-11-19T07:59:00+00:00","dateModified":"2025-11-19T07:59:51+00:00","description":"Erfahren Sie, wie Sie im King Billy Casino Deutschland ein Konto registrieren. Schritt-f\u00fcr-Schritt-Anleitung, Anforderungen, Verifizierung und hilfreiche Tipps f\u00fcr eine sichere und schnelle Registrierung","breadcrumb":{"@id":"https:\/\/casino-play-win.top\/anmeldung\/#breadcrumb"},"inLanguage":"ru-RU","potentialAction":[{"@type":"ReadAction","target":["https:\/\/casino-play-win.top\/anmeldung\/"]}]},{"@type":"BreadcrumbList","@id":"https:\/\/casino-play-win.top\/anmeldung\/#breadcrumb","itemListElement":[{"@type":"ListItem","position":1,"name":"\u0413\u043b\u0430\u0432\u043d\u0430\u044f \u0441\u0442\u0440\u0430\u043d\u0438\u0446\u0430","item":"https:\/\/casino-play-win.top\/"},{"@type":"ListItem","position":2,"name":"Anmeldung"}]},{"@type":"WebSite","@id":"https:\/\/casino-play-win.top\/#website","url":"https:\/\/casino-play-win.top\/","name":"casino-play-win.top","description":"","potentialAction":[{"@type":"SearchAction","target":{"@type":"EntryPoint","urlTemplate":"https:\/\/casino-play-win.top\/?s={search_term_string}"},"query-input":{"@type":"PropertyValueSpecification","valueRequired":true,"valueName":"search_term_string"}}],"inLanguage":"ru-RU"}]}},"amp_enabled":true,"_links":{"self":[{"href":"https:\/\/casino-play-win.top\/wp-json\/wp\/v2\/pages\/2126","targetHints":{"allow":["GET"]}}],"collection":[{"href":"https:\/\/casino-play-win.top\/wp-json\/wp\/v2\/pages"}],"about":[{"href":"https:\/\/casino-play-win.top\/wp-json\/wp\/v2\/types\/page"}],"author":[{"embeddable":true,"href":"https:\/\/casino-play-win.top\/wp-json\/wp\/v2\/users\/1"}],"replies":[{"embeddable":true,"href":"https:\/\/casino-play-win.top\/wp-json\/wp\/v2\/comments?post=2126"}],"version-history":[{"count":2,"href":"https:\/\/casino-play-win.top\/wp-json\/wp\/v2\/pages\/2126\/revisions"}],"predecessor-version":[{"id":2130,"href":"https:\/\/casino-play-win.top\/wp-json\/wp\/v2\/pages\/2126\/revisions\/2130"}],"wp:attachment":[{"href":"https:\/\/casino-play-win.top\/wp-json\/wp\/v2\/media?parent=2126"}],"curies":[{"name":"wp","href":"https:\/\/api.w.org\/{rel}","templated":true}]}}