{"id":2097,"date":"2025-09-08T18:27:13","date_gmt":"2025-09-08T15:27:13","guid":{"rendered":"https:\/\/casino-play-win.top\/?page_id=2097"},"modified":"2025-09-08T18:27:13","modified_gmt":"2025-09-08T15:27:13","slug":"ueber-uns","status":"publish","type":"page","link":"https:\/\/casino-play-win.top\/ueber-uns\/","title":{"rendered":"\u00dcber uns"},"content":{"rendered":"<h1>\u00dcber uns<\/h1>\n<p>Willkommen bei <strong>King Billy Casino<\/strong> \u2013 einem preisgekr\u00f6nten Online-Casino, das weltweit Spieler begeistert.<\/p>\n<p>Wir bieten eine breite Auswahl an <strong>Spielautomaten, Tischspielen, Live-Casino-Erlebnissen und exklusiven Promotionen<\/strong>.<\/p>\n<p>Unsere Mission ist es, ein <strong>k\u00f6nigliches Spielerlebnis<\/strong> zu schaffen \u2013 mit Fairness, Sicherheit und einem Hauch majest\u00e4tischen Flairs.<\/p>\n<p>Bei King Billy Casino stehen <strong>Transparenz, Vertrauen und Spielerschutz<\/strong> an erster Stelle \u2013 damit Sie sich wie ein echter K\u00f6nig f\u00fchlen k\u00f6nnen. \ud83d\udc51<\/p>\n","protected":false},"excerpt":{"rendered":"<p>\u00dcber uns Willkommen bei King Billy Casino \u2013 einem preisgekr\u00f6nten Online-Casino, das weltweit Spieler begeistert. Wir bieten eine breite Auswahl an Spielautomaten, Tischspielen, Live-Casino-Erlebnissen und exklusiven Promotionen. Unsere Mission ist es, ein k\u00f6nigliches Spielerlebnis zu schaffen \u2013 mit Fairness, Sicherheit und einem Hauch majest\u00e4tischen Flairs. Bei King Billy Casino stehen Transparenz, Vertrauen und Spielerschutz an [&hellip;]<\/p>\n","protected":false},"author":1,"featured_media":0,"parent":0,"menu_order":0,"comment_status":"closed","ping_status":"closed","template":"","meta":{"_acf_changed":false,"footnotes":""},"class_list":["post-2097","page","type-page","status-publish","hentry"],"acf":[],"yoast_head":"<!-- This site is optimized with the Yoast SEO plugin v27.4 - https:\/\/yoast.com\/product\/yoast-seo-wordpress\/ -->\n<title>\u00dcber uns - casino-play-win.top<\/title>\n<meta name=\"robots\" content=\"index, follow, max-snippet:-1, max-image-preview:large, max-video-preview:-1\" \/>\n<link rel=\"canonical\" href=\"https:\/\/casino-play-win.top\/ueber-uns\/\" \/>\n<meta property=\"og:locale\" content=\"ru_RU\" \/>\n<meta property=\"og:type\" content=\"article\" \/>\n<meta property=\"og:title\" content=\"\u00dcber uns - casino-play-win.top\" \/>\n<meta property=\"og:description\" content=\"\u00dcber uns Willkommen bei King Billy Casino \u2013 einem preisgekr\u00f6nten Online-Casino, das weltweit Spieler begeistert. Wir bieten eine breite Auswahl an Spielautomaten, Tischspielen, Live-Casino-Erlebnissen und exklusiven Promotionen. Unsere Mission ist es, ein k\u00f6nigliches Spielerlebnis zu schaffen \u2013 mit Fairness, Sicherheit und einem Hauch majest\u00e4tischen Flairs. Bei King Billy Casino stehen Transparenz, Vertrauen und Spielerschutz an [&hellip;]\" \/>\n<meta property=\"og:url\" content=\"https:\/\/casino-play-win.top\/ueber-uns\/\" \/>\n<meta property=\"og:site_name\" content=\"casino-play-win.top\" \/>\n<meta name=\"twitter:card\" content=\"summary_large_image\" \/>\n<script type=\"application\/ld+json\" class=\"yoast-schema-graph\">{\"@context\":\"https:\\\/\\\/schema.org\",\"@graph\":[{\"@type\":\"WebPage\",\"@id\":\"https:\\\/\\\/casino-play-win.top\\\/ueber-uns\\\/\",\"url\":\"https:\\\/\\\/casino-play-win.top\\\/ueber-uns\\\/\",\"name\":\"\u00dcber uns - casino-play-win.top\",\"isPartOf\":{\"@id\":\"https:\\\/\\\/casino-play-win.top\\\/#website\"},\"datePublished\":\"2025-09-08T15:27:13+00:00\",\"breadcrumb\":{\"@id\":\"https:\\\/\\\/casino-play-win.top\\\/ueber-uns\\\/#breadcrumb\"},\"inLanguage\":\"ru-RU\",\"potentialAction\":[{\"@type\":\"ReadAction\",\"target\":[\"https:\\\/\\\/casino-play-win.top\\\/ueber-uns\\\/\"]}]},{\"@type\":\"BreadcrumbList\",\"@id\":\"https:\\\/\\\/casino-play-win.top\\\/ueber-uns\\\/#breadcrumb\",\"itemListElement\":[{\"@type\":\"ListItem\",\"position\":1,\"name\":\"\u0413\u043b\u0430\u0432\u043d\u0430\u044f \u0441\u0442\u0440\u0430\u043d\u0438\u0446\u0430\",\"item\":\"https:\\\/\\\/casino-play-win.top\\\/\"},{\"@type\":\"ListItem\",\"position\":2,\"name\":\"\u00dcber uns\"}]},{\"@type\":\"WebSite\",\"@id\":\"https:\\\/\\\/casino-play-win.top\\\/#website\",\"url\":\"https:\\\/\\\/casino-play-win.top\\\/\",\"name\":\"casino-play-win.top\",\"description\":\"\",\"potentialAction\":[{\"@type\":\"SearchAction\",\"target\":{\"@type\":\"EntryPoint\",\"urlTemplate\":\"https:\\\/\\\/casino-play-win.top\\\/?s={search_term_string}\"},\"query-input\":{\"@type\":\"PropertyValueSpecification\",\"valueRequired\":true,\"valueName\":\"search_term_string\"}}],\"inLanguage\":\"ru-RU\"}]}<\/script>\n<!-- \/ Yoast SEO plugin. -->","yoast_head_json":{"title":"\u00dcber uns - casino-play-win.top","robots":{"index":"index","follow":"follow","max-snippet":"max-snippet:-1","max-image-preview":"max-image-preview:large","max-video-preview":"max-video-preview:-1"},"canonical":"https:\/\/casino-play-win.top\/ueber-uns\/","og_locale":"ru_RU","og_type":"article","og_title":"\u00dcber uns - casino-play-win.top","og_description":"\u00dcber uns Willkommen bei King Billy Casino \u2013 einem preisgekr\u00f6nten Online-Casino, das weltweit Spieler begeistert. Wir bieten eine breite Auswahl an Spielautomaten, Tischspielen, Live-Casino-Erlebnissen und exklusiven Promotionen. Unsere Mission ist es, ein k\u00f6nigliches Spielerlebnis zu schaffen \u2013 mit Fairness, Sicherheit und einem Hauch majest\u00e4tischen Flairs. Bei King Billy Casino stehen Transparenz, Vertrauen und Spielerschutz an [&hellip;]","og_url":"https:\/\/casino-play-win.top\/ueber-uns\/","og_site_name":"casino-play-win.top","twitter_card":"summary_large_image","schema":{"@context":"https:\/\/schema.org","@graph":[{"@type":"WebPage","@id":"https:\/\/casino-play-win.top\/ueber-uns\/","url":"https:\/\/casino-play-win.top\/ueber-uns\/","name":"\u00dcber uns - casino-play-win.top","isPartOf":{"@id":"https:\/\/casino-play-win.top\/#website"},"datePublished":"2025-09-08T15:27:13+00:00","breadcrumb":{"@id":"https:\/\/casino-play-win.top\/ueber-uns\/#breadcrumb"},"inLanguage":"ru-RU","potentialAction":[{"@type":"ReadAction","target":["https:\/\/casino-play-win.top\/ueber-uns\/"]}]},{"@type":"BreadcrumbList","@id":"https:\/\/casino-play-win.top\/ueber-uns\/#breadcrumb","itemListElement":[{"@type":"ListItem","position":1,"name":"\u0413\u043b\u0430\u0432\u043d\u0430\u044f \u0441\u0442\u0440\u0430\u043d\u0438\u0446\u0430","item":"https:\/\/casino-play-win.top\/"},{"@type":"ListItem","position":2,"name":"\u00dcber uns"}]},{"@type":"WebSite","@id":"https:\/\/casino-play-win.top\/#website","url":"https:\/\/casino-play-win.top\/","name":"casino-play-win.top","description":"","potentialAction":[{"@type":"SearchAction","target":{"@type":"EntryPoint","urlTemplate":"https:\/\/casino-play-win.top\/?s={search_term_string}"},"query-input":{"@type":"PropertyValueSpecification","valueRequired":true,"valueName":"search_term_string"}}],"inLanguage":"ru-RU"}]}},"amp_enabled":true,"_links":{"self":[{"href":"https:\/\/casino-play-win.top\/wp-json\/wp\/v2\/pages\/2097","targetHints":{"allow":["GET"]}}],"collection":[{"href":"https:\/\/casino-play-win.top\/wp-json\/wp\/v2\/pages"}],"about":[{"href":"https:\/\/casino-play-win.top\/wp-json\/wp\/v2\/types\/page"}],"author":[{"embeddable":true,"href":"https:\/\/casino-play-win.top\/wp-json\/wp\/v2\/users\/1"}],"replies":[{"embeddable":true,"href":"https:\/\/casino-play-win.top\/wp-json\/wp\/v2\/comments?post=2097"}],"version-history":[{"count":1,"href":"https:\/\/casino-play-win.top\/wp-json\/wp\/v2\/pages\/2097\/revisions"}],"predecessor-version":[{"id":2098,"href":"https:\/\/casino-play-win.top\/wp-json\/wp\/v2\/pages\/2097\/revisions\/2098"}],"wp:attachment":[{"href":"https:\/\/casino-play-win.top\/wp-json\/wp\/v2\/media?parent=2097"}],"curies":[{"name":"wp","href":"https:\/\/api.w.org\/{rel}","templated":true}]}}