{"id":2096,"date":"2025-09-08T18:27:29","date_gmt":"2025-09-08T15:27:29","guid":{"rendered":"https:\/\/casino-play-win.top\/?page_id=2096"},"modified":"2025-09-08T18:27:29","modified_gmt":"2025-09-08T15:27:29","slug":"verantwortungsbewusstes-spielen","status":"publish","type":"page","link":"https:\/\/casino-play-win.top\/verantwortungsbewusstes-spielen\/","title":{"rendered":"Verantwortungsbewusstes Spielen"},"content":{"rendered":"<h1>Verantwortungsbewusstes Spielen<\/h1>\n<p>King Billy Casino unterst\u00fctzt verantwortungsvolles Spielen und sorgt daf\u00fcr, dass Gl\u00fccksspiel eine <strong>unterhaltsame und sichere Aktivit\u00e4t<\/strong> bleibt.<\/p>\n<ul>\n<li>Gl\u00fccksspiel ist Unterhaltung, kein Mittel zum Einkommen.<\/li>\n<li>Spielen Sie nur mit Geld, das Sie sich leisten k\u00f6nnen zu verlieren.<\/li>\n<li>Spieler unter 18 Jahren sind nicht zugelassen.<\/li>\n<li>Nutzen Sie unsere Limits f\u00fcr Einzahlungen, Verluste und Spielzeiten.<\/li>\n<li>Bei problematischem Spielverhalten wenden Sie sich bitte an professionelle Beratungsstellen.<\/li>\n<\/ul>\n","protected":false},"excerpt":{"rendered":"<p>Verantwortungsbewusstes Spielen King Billy Casino unterst\u00fctzt verantwortungsvolles Spielen und sorgt daf\u00fcr, dass Gl\u00fccksspiel eine unterhaltsame und sichere Aktivit\u00e4t bleibt. Gl\u00fccksspiel ist Unterhaltung, kein Mittel zum Einkommen. Spielen Sie nur mit Geld, das Sie sich leisten k\u00f6nnen zu verlieren. Spieler unter 18 Jahren sind nicht zugelassen. Nutzen Sie unsere Limits f\u00fcr Einzahlungen, Verluste und Spielzeiten. Bei [&hellip;]<\/p>\n","protected":false},"author":1,"featured_media":0,"parent":0,"menu_order":0,"comment_status":"closed","ping_status":"closed","template":"","meta":{"_acf_changed":false,"footnotes":""},"class_list":["post-2096","page","type-page","status-publish","hentry"],"acf":[],"yoast_head":"<!-- This site is optimized with the Yoast SEO plugin v27.4 - https:\/\/yoast.com\/product\/yoast-seo-wordpress\/ -->\n<title>Verantwortungsbewusstes Spielen - casino-play-win.top<\/title>\n<meta name=\"robots\" content=\"index, follow, max-snippet:-1, max-image-preview:large, max-video-preview:-1\" \/>\n<link rel=\"canonical\" href=\"https:\/\/casino-play-win.top\/verantwortungsbewusstes-spielen\/\" \/>\n<meta property=\"og:locale\" content=\"ru_RU\" \/>\n<meta property=\"og:type\" content=\"article\" \/>\n<meta property=\"og:title\" content=\"Verantwortungsbewusstes Spielen - casino-play-win.top\" \/>\n<meta property=\"og:description\" content=\"Verantwortungsbewusstes Spielen King Billy Casino unterst\u00fctzt verantwortungsvolles Spielen und sorgt daf\u00fcr, dass Gl\u00fccksspiel eine unterhaltsame und sichere Aktivit\u00e4t bleibt. Gl\u00fccksspiel ist Unterhaltung, kein Mittel zum Einkommen. Spielen Sie nur mit Geld, das Sie sich leisten k\u00f6nnen zu verlieren. Spieler unter 18 Jahren sind nicht zugelassen. Nutzen Sie unsere Limits f\u00fcr Einzahlungen, Verluste und Spielzeiten. Bei [&hellip;]\" \/>\n<meta property=\"og:url\" content=\"https:\/\/casino-play-win.top\/verantwortungsbewusstes-spielen\/\" \/>\n<meta property=\"og:site_name\" content=\"casino-play-win.top\" \/>\n<meta name=\"twitter:card\" content=\"summary_large_image\" \/>\n<meta name=\"twitter:label1\" content=\"\u041f\u0440\u0438\u043c\u0435\u0440\u043d\u043e\u0435 \u0432\u0440\u0435\u043c\u044f \u0434\u043b\u044f \u0447\u0442\u0435\u043d\u0438\u044f\" \/>\n\t<meta name=\"twitter:data1\" content=\"1 \u043c\u0438\u043d\u0443\u0442\u0430\" \/>\n<script type=\"application\/ld+json\" class=\"yoast-schema-graph\">{\"@context\":\"https:\\\/\\\/schema.org\",\"@graph\":[{\"@type\":\"WebPage\",\"@id\":\"https:\\\/\\\/casino-play-win.top\\\/verantwortungsbewusstes-spielen\\\/\",\"url\":\"https:\\\/\\\/casino-play-win.top\\\/verantwortungsbewusstes-spielen\\\/\",\"name\":\"Verantwortungsbewusstes Spielen - casino-play-win.top\",\"isPartOf\":{\"@id\":\"https:\\\/\\\/casino-play-win.top\\\/#website\"},\"datePublished\":\"2025-09-08T15:27:29+00:00\",\"breadcrumb\":{\"@id\":\"https:\\\/\\\/casino-play-win.top\\\/verantwortungsbewusstes-spielen\\\/#breadcrumb\"},\"inLanguage\":\"ru-RU\",\"potentialAction\":[{\"@type\":\"ReadAction\",\"target\":[\"https:\\\/\\\/casino-play-win.top\\\/verantwortungsbewusstes-spielen\\\/\"]}]},{\"@type\":\"BreadcrumbList\",\"@id\":\"https:\\\/\\\/casino-play-win.top\\\/verantwortungsbewusstes-spielen\\\/#breadcrumb\",\"itemListElement\":[{\"@type\":\"ListItem\",\"position\":1,\"name\":\"\u0413\u043b\u0430\u0432\u043d\u0430\u044f \u0441\u0442\u0440\u0430\u043d\u0438\u0446\u0430\",\"item\":\"https:\\\/\\\/casino-play-win.top\\\/\"},{\"@type\":\"ListItem\",\"position\":2,\"name\":\"Verantwortungsbewusstes Spielen\"}]},{\"@type\":\"WebSite\",\"@id\":\"https:\\\/\\\/casino-play-win.top\\\/#website\",\"url\":\"https:\\\/\\\/casino-play-win.top\\\/\",\"name\":\"casino-play-win.top\",\"description\":\"\",\"potentialAction\":[{\"@type\":\"SearchAction\",\"target\":{\"@type\":\"EntryPoint\",\"urlTemplate\":\"https:\\\/\\\/casino-play-win.top\\\/?s={search_term_string}\"},\"query-input\":{\"@type\":\"PropertyValueSpecification\",\"valueRequired\":true,\"valueName\":\"search_term_string\"}}],\"inLanguage\":\"ru-RU\"}]}<\/script>\n<!-- \/ Yoast SEO plugin. -->","yoast_head_json":{"title":"Verantwortungsbewusstes Spielen - casino-play-win.top","robots":{"index":"index","follow":"follow","max-snippet":"max-snippet:-1","max-image-preview":"max-image-preview:large","max-video-preview":"max-video-preview:-1"},"canonical":"https:\/\/casino-play-win.top\/verantwortungsbewusstes-spielen\/","og_locale":"ru_RU","og_type":"article","og_title":"Verantwortungsbewusstes Spielen - casino-play-win.top","og_description":"Verantwortungsbewusstes Spielen King Billy Casino unterst\u00fctzt verantwortungsvolles Spielen und sorgt daf\u00fcr, dass Gl\u00fccksspiel eine unterhaltsame und sichere Aktivit\u00e4t bleibt. Gl\u00fccksspiel ist Unterhaltung, kein Mittel zum Einkommen. Spielen Sie nur mit Geld, das Sie sich leisten k\u00f6nnen zu verlieren. Spieler unter 18 Jahren sind nicht zugelassen. Nutzen Sie unsere Limits f\u00fcr Einzahlungen, Verluste und Spielzeiten. Bei [&hellip;]","og_url":"https:\/\/casino-play-win.top\/verantwortungsbewusstes-spielen\/","og_site_name":"casino-play-win.top","twitter_card":"summary_large_image","twitter_misc":{"\u041f\u0440\u0438\u043c\u0435\u0440\u043d\u043e\u0435 \u0432\u0440\u0435\u043c\u044f \u0434\u043b\u044f \u0447\u0442\u0435\u043d\u0438\u044f":"1 \u043c\u0438\u043d\u0443\u0442\u0430"},"schema":{"@context":"https:\/\/schema.org","@graph":[{"@type":"WebPage","@id":"https:\/\/casino-play-win.top\/verantwortungsbewusstes-spielen\/","url":"https:\/\/casino-play-win.top\/verantwortungsbewusstes-spielen\/","name":"Verantwortungsbewusstes Spielen - casino-play-win.top","isPartOf":{"@id":"https:\/\/casino-play-win.top\/#website"},"datePublished":"2025-09-08T15:27:29+00:00","breadcrumb":{"@id":"https:\/\/casino-play-win.top\/verantwortungsbewusstes-spielen\/#breadcrumb"},"inLanguage":"ru-RU","potentialAction":[{"@type":"ReadAction","target":["https:\/\/casino-play-win.top\/verantwortungsbewusstes-spielen\/"]}]},{"@type":"BreadcrumbList","@id":"https:\/\/casino-play-win.top\/verantwortungsbewusstes-spielen\/#breadcrumb","itemListElement":[{"@type":"ListItem","position":1,"name":"\u0413\u043b\u0430\u0432\u043d\u0430\u044f \u0441\u0442\u0440\u0430\u043d\u0438\u0446\u0430","item":"https:\/\/casino-play-win.top\/"},{"@type":"ListItem","position":2,"name":"Verantwortungsbewusstes Spielen"}]},{"@type":"WebSite","@id":"https:\/\/casino-play-win.top\/#website","url":"https:\/\/casino-play-win.top\/","name":"casino-play-win.top","description":"","potentialAction":[{"@type":"SearchAction","target":{"@type":"EntryPoint","urlTemplate":"https:\/\/casino-play-win.top\/?s={search_term_string}"},"query-input":{"@type":"PropertyValueSpecification","valueRequired":true,"valueName":"search_term_string"}}],"inLanguage":"ru-RU"}]}},"amp_enabled":true,"_links":{"self":[{"href":"https:\/\/casino-play-win.top\/wp-json\/wp\/v2\/pages\/2096","targetHints":{"allow":["GET"]}}],"collection":[{"href":"https:\/\/casino-play-win.top\/wp-json\/wp\/v2\/pages"}],"about":[{"href":"https:\/\/casino-play-win.top\/wp-json\/wp\/v2\/types\/page"}],"author":[{"embeddable":true,"href":"https:\/\/casino-play-win.top\/wp-json\/wp\/v2\/users\/1"}],"replies":[{"embeddable":true,"href":"https:\/\/casino-play-win.top\/wp-json\/wp\/v2\/comments?post=2096"}],"version-history":[{"count":1,"href":"https:\/\/casino-play-win.top\/wp-json\/wp\/v2\/pages\/2096\/revisions"}],"predecessor-version":[{"id":2100,"href":"https:\/\/casino-play-win.top\/wp-json\/wp\/v2\/pages\/2096\/revisions\/2100"}],"wp:attachment":[{"href":"https:\/\/casino-play-win.top\/wp-json\/wp\/v2\/media?parent=2096"}],"curies":[{"name":"wp","href":"https:\/\/api.w.org\/{rel}","templated":true}]}}